{"id":20067768,"date":"2019-06-12T14:06:40","date_gmt":"2019-06-12T14:06:40","guid":{"rendered":"https:\/\/piraten-sachsen.de\/?page_id=20067768"},"modified":"2024-07-24T19:03:26","modified_gmt":"2024-07-24T19:03:26","slug":"kandidatenliste","status":"publish","type":"page","link":"https:\/\/piraten-sachsen.de\/landtagswahl-2024\/kandidatenliste\/","title":{"rendered":"Kandidierendenliste"},"content":{"rendered":"\n<p>Im November 2023 haben wir neun Kandidierende auf unsere Liste zur Landtagswahl gew\u00e4hlt. Hier kannst du eine Person ausw\u00e4hlen, um mehr \u00fcber sie zu erfahren. <\/p>\n\n\n\n<div class=\"wp-block-columns candidate-grid is-layout-flex wp-container-core-columns-is-layout-9d6595d7 wp-block-columns-is-layout-flex\">\n<div class=\"wp-block-column candidate-cell has-white-color has-text-color has-background has-link-color wp-elements-251baa2963155845fa04b8f510e28ff4 is-layout-flow wp-block-column-is-layout-flow\" style=\"background:linear-gradient(180deg,rgb(74,0,74) 0%,rgb(193,58,241) 22%)\">\n<a href=\"https:\/\/piraten-sachsen.de\/landtagswahl-2024\/kandidatenliste\/stephanie-henkel\/\">\n\n\n\n<h3 class=\"wp-block-heading has-text-align-center candidate-cell-header has-white-color has-text-color has-link-color wp-elements-f518a800af8555b3237a6f7be87e00e4\">1 &#8211; Stephanie Henkel<\/h3>\n\n\n<div class=\"wp-block-image\">\n<figure class=\"aligncenter size-large\"><img loading=\"lazy\" decoding=\"async\" width=\"684\" height=\"1024\" src=\"https:\/\/piraten-sachsen.de\/wp-content\/uploads\/2024\/07\/stephanie-684x1024.jpg\" alt=\"Kandidatin Stephanie Henkel, die mit einem Laptop unter einer Br\u00fccke im freien sitzt.\" class=\"wp-image-20068813\" style=\"aspect-ratio:1;object-fit:cover\" srcset=\"https:\/\/piraten-sachsen.de\/wp-content\/uploads\/2024\/07\/stephanie-684x1024.jpg 684w, https:\/\/piraten-sachsen.de\/wp-content\/uploads\/2024\/07\/stephanie-200x300.jpg 200w, https:\/\/piraten-sachsen.de\/wp-content\/uploads\/2024\/07\/stephanie-768x1151.jpg 768w, https:\/\/piraten-sachsen.de\/wp-content\/uploads\/2024\/07\/stephanie-1025x1536.jpg 1025w, https:\/\/piraten-sachsen.de\/wp-content\/uploads\/2024\/07\/stephanie.jpg 1335w\" sizes=\"auto, (max-width: 684px) 100vw, 684px\" \/><\/figure>\n<\/div>\n\n\n<\/a>\n<\/div>\n\n\n\n<div class=\"wp-block-column candidate-cell has-white-color has-text-color has-background has-link-color wp-elements-157fcbd1a1d4623f61e22a514c41adf8 is-layout-flow wp-block-column-is-layout-flow\" style=\"background:linear-gradient(180deg,rgb(74,0,74) 0%,rgb(193,58,241) 22%)\">\n<a href=\"https:\/\/piraten-sachsen.de\/landtagswahl-2024\/kandidatenliste\/manuel-wolf\/\">\n\n\n\n<h3 class=\"wp-block-heading has-text-align-center candidate-cell-header has-white-color has-text-color has-link-color wp-elements-2a58c654c99b561480853863f19e166e\">2 &#8211; Manuel Wolf<\/h3>\n\n\n<div class=\"wp-block-image\">\n<figure class=\"aligncenter size-large\"><img loading=\"lazy\" decoding=\"async\" width=\"684\" height=\"1024\" src=\"https:\/\/piraten-sachsen.de\/wp-content\/uploads\/2024\/07\/manuel-1-684x1024.jpg\" alt=\"Kandidat Manuel Wolf, der auf einem Kopfsteinpflasterplatz steht und beide H\u00e4nde an seinem Kopfh\u00f6rer auf dem Kopf hat.\" class=\"wp-image-20068809\" style=\"aspect-ratio:1;object-fit:cover\" srcset=\"https:\/\/piraten-sachsen.de\/wp-content\/uploads\/2024\/07\/manuel-1-684x1024.jpg 684w, https:\/\/piraten-sachsen.de\/wp-content\/uploads\/2024\/07\/manuel-1-200x300.jpg 200w, https:\/\/piraten-sachsen.de\/wp-content\/uploads\/2024\/07\/manuel-1-768x1151.jpg 768w, https:\/\/piraten-sachsen.de\/wp-content\/uploads\/2024\/07\/manuel-1-1025x1536.jpg 1025w, https:\/\/piraten-sachsen.de\/wp-content\/uploads\/2024\/07\/manuel-1.jpg 1335w\" sizes=\"auto, (max-width: 684px) 100vw, 684px\" \/><\/figure>\n<\/div>\n\n\n<\/a>\n<\/div>\n\n\n\n<div class=\"wp-block-column candidate-cell has-white-color has-text-color has-background has-link-color wp-elements-f3a4b042c037576106e3bcef4d4f1088 is-layout-flow wp-block-column-is-layout-flow\" style=\"background:linear-gradient(180deg,rgb(74,0,74) 0%,rgb(193,58,241) 22%)\">\n<a href=\"https:\/\/piraten-sachsen.de\/landtagswahl-2024\/kandidatenliste\/anne-herpertz\/\">\n\n\n\n<h3 class=\"wp-block-heading has-text-align-center candidate-cell-header has-white-color has-text-color has-link-color wp-elements-267581b02203cc95c7e700c96134622f\">3 &#8211; Anne Herpertz<\/h3>\n\n\n<div class=\"wp-block-image\">\n<figure class=\"aligncenter size-large\"><img loading=\"lazy\" decoding=\"async\" width=\"683\" height=\"1024\" src=\"https:\/\/piraten-sachsen.de\/wp-content\/uploads\/2024\/07\/Anne-Herpertz-scaled-1-683x1024.jpg\" alt=\"Kandidatin Anne Herpertz, die mit verschr\u00e4nkten Armen vor einem Gesch\u00e4ft steht.\" class=\"wp-image-20068808\" style=\"aspect-ratio:1;object-fit:cover\" srcset=\"https:\/\/piraten-sachsen.de\/wp-content\/uploads\/2024\/07\/Anne-Herpertz-scaled-1-683x1024.jpg 683w, https:\/\/piraten-sachsen.de\/wp-content\/uploads\/2024\/07\/Anne-Herpertz-scaled-1-200x300.jpg 200w, https:\/\/piraten-sachsen.de\/wp-content\/uploads\/2024\/07\/Anne-Herpertz-scaled-1-768x1152.jpg 768w, https:\/\/piraten-sachsen.de\/wp-content\/uploads\/2024\/07\/Anne-Herpertz-scaled-1-1024x1536.jpg 1024w, https:\/\/piraten-sachsen.de\/wp-content\/uploads\/2024\/07\/Anne-Herpertz-scaled-1-1366x2048.jpg 1366w, https:\/\/piraten-sachsen.de\/wp-content\/uploads\/2024\/07\/Anne-Herpertz-scaled-1.jpg 1707w\" sizes=\"auto, (max-width: 683px) 100vw, 683px\" \/><\/figure>\n<\/div>\n\n\n<\/a>\n<\/div>\n<\/div>\n\n\n\n<div class=\"wp-block-columns candidate-grid is-layout-flex wp-container-core-columns-is-layout-9d6595d7 wp-block-columns-is-layout-flex\">\n<div class=\"wp-block-column candidate-cell has-white-color has-text-color has-background has-link-color wp-elements-55902591194d44448a69ec01e3ced24e is-layout-flow wp-block-column-is-layout-flow\" style=\"background:linear-gradient(180deg,rgb(74,0,74) 0%,rgb(193,58,241) 22%)\">\n<a href=\"https:\/\/piraten-sachsen.de\/landtagswahl-2024\/kandidatenliste\/tigo-stolzenberger\/\">\n\n\n\n<h3 class=\"wp-block-heading has-text-align-center candidate-cell-header has-white-color has-text-color has-link-color wp-elements-3fccbe76a4f53c0ec8307069e7bf8cab\">4 &#8211; Tigo Stolzenberger<\/h3>\n\n\n<div class=\"wp-block-image\">\n<figure class=\"aligncenter size-large\"><img loading=\"lazy\" decoding=\"async\" width=\"684\" height=\"1024\" src=\"https:\/\/piraten-sachsen.de\/wp-content\/uploads\/2024\/07\/tigo-684x1024.jpg\" alt=\"Kandidat Tigo Stolzenberger, der vor der Uni Dresden mit einer Fl\u00fcstert\u00fcte in der Hand steht.\" class=\"wp-image-20068812\" style=\"aspect-ratio:1;object-fit:cover\" srcset=\"https:\/\/piraten-sachsen.de\/wp-content\/uploads\/2024\/07\/tigo-684x1024.jpg 684w, https:\/\/piraten-sachsen.de\/wp-content\/uploads\/2024\/07\/tigo-200x300.jpg 200w, https:\/\/piraten-sachsen.de\/wp-content\/uploads\/2024\/07\/tigo-768x1151.jpg 768w, https:\/\/piraten-sachsen.de\/wp-content\/uploads\/2024\/07\/tigo-1025x1536.jpg 1025w, https:\/\/piraten-sachsen.de\/wp-content\/uploads\/2024\/07\/tigo.jpg 1335w\" sizes=\"auto, (max-width: 684px) 100vw, 684px\" \/><\/figure>\n<\/div>\n\n\n<\/a>\n<\/div>\n\n\n\n<div class=\"wp-block-column candidate-cell has-white-color has-text-color has-background has-link-color wp-elements-74d56237317ac8ac47418c143de40007 is-layout-flow wp-block-column-is-layout-flow\" style=\"background:linear-gradient(180deg,rgb(74,0,74) 0%,rgb(193,58,241) 22%)\">\n<a href=\"https:\/\/piraten-sachsen.de\/landtagswahl-2024\/kandidatenliste\/martin-schulte-wissermann\/\">\n\n\n\n<h3 class=\"wp-block-heading has-text-align-center candidate-cell-header has-white-color has-text-color has-link-color wp-elements-c1435d46f9262c74ce3bac846e069427\">5 &#8211; Dr. Martin Schulte-Wissermann<\/h3>\n\n\n<div class=\"wp-block-image\">\n<figure class=\"aligncenter size-large\"><img loading=\"lazy\" decoding=\"async\" width=\"683\" height=\"1024\" src=\"https:\/\/piraten-sachsen.de\/wp-content\/uploads\/2024\/07\/Martin_Schulte_Wissermann_Piratenpartei-683x1024.jpg\" alt=\"Kandidat Martin Schulte-Wissermann, der mit seiner H\u00fcndin auf dem Betonblock einer tempor\u00e4ren Ampel vor einer Stra\u00dfe mit H\u00e4usern sitzt.\" class=\"wp-image-20068806\" style=\"aspect-ratio:1;object-fit:cover\" srcset=\"https:\/\/piraten-sachsen.de\/wp-content\/uploads\/2024\/07\/Martin_Schulte_Wissermann_Piratenpartei-683x1024.jpg 683w, https:\/\/piraten-sachsen.de\/wp-content\/uploads\/2024\/07\/Martin_Schulte_Wissermann_Piratenpartei-200x300.jpg 200w, https:\/\/piraten-sachsen.de\/wp-content\/uploads\/2024\/07\/Martin_Schulte_Wissermann_Piratenpartei-768x1152.jpg 768w, https:\/\/piraten-sachsen.de\/wp-content\/uploads\/2024\/07\/Martin_Schulte_Wissermann_Piratenpartei-1024x1536.jpg 1024w, https:\/\/piraten-sachsen.de\/wp-content\/uploads\/2024\/07\/Martin_Schulte_Wissermann_Piratenpartei-1366x2048.jpg 1366w, https:\/\/piraten-sachsen.de\/wp-content\/uploads\/2024\/07\/Martin_Schulte_Wissermann_Piratenpartei-scaled.jpg 1707w\" sizes=\"auto, (max-width: 683px) 100vw, 683px\" \/><\/figure>\n<\/div>\n\n\n<\/a>\n<\/div>\n\n\n\n<div class=\"wp-block-column candidate-cell has-white-color has-text-color has-background has-link-color wp-elements-3a7292c34b833a6a27c93203cc2d1390 is-layout-flow wp-block-column-is-layout-flow\" style=\"background:linear-gradient(180deg,rgb(74,0,74) 0%,rgb(193,58,241) 22%)\">\n<a href=\"https:\/\/piraten-sachsen.de\/landtagswahl-2024\/kandidatenliste\/florian-karow\/\">\n\n\n\n<h3 class=\"wp-block-heading has-text-align-center candidate-cell-header has-white-color has-text-color has-link-color wp-elements-026f532a3fdf4087acf4246a47c75669\">6 &#8211; Florian Karow<\/h3>\n\n\n<div class=\"wp-block-image florian-image\">\n<figure class=\"aligncenter size-large\"><img loading=\"lazy\" decoding=\"async\" width=\"682\" height=\"1024\" src=\"https:\/\/piraten-sachsen.de\/wp-content\/uploads\/2024\/07\/flo-kw24-682x1024.jpg\" alt=\"Kandidat Florian Karow, der l\u00e4cheln vor einer Wand mit Graffiti steht.\" class=\"wp-image-20068814\" style=\"aspect-ratio:1;object-fit:cover\" srcset=\"https:\/\/piraten-sachsen.de\/wp-content\/uploads\/2024\/07\/flo-kw24-682x1024.jpg 682w, https:\/\/piraten-sachsen.de\/wp-content\/uploads\/2024\/07\/flo-kw24-200x300.jpg 200w, https:\/\/piraten-sachsen.de\/wp-content\/uploads\/2024\/07\/flo-kw24-768x1152.jpg 768w, https:\/\/piraten-sachsen.de\/wp-content\/uploads\/2024\/07\/flo-kw24-1024x1536.jpg 1024w, https:\/\/piraten-sachsen.de\/wp-content\/uploads\/2024\/07\/flo-kw24.jpg 1333w\" sizes=\"auto, (max-width: 682px) 100vw, 682px\" \/><\/figure>\n<\/div>\n\n\n<\/a>\n<\/div>\n<\/div>\n\n\n\n<div class=\"wp-block-columns candidate-grid is-layout-flex wp-container-core-columns-is-layout-9d6595d7 wp-block-columns-is-layout-flex\">\n<div class=\"wp-block-column candidate-cell has-white-color has-text-color has-background has-link-color wp-elements-ffc59e22e6b821ab38d10a9a854e478b is-layout-flow wp-block-column-is-layout-flow\" style=\"background:linear-gradient(180deg,rgb(74,0,74) 0%,rgb(193,58,241) 22%)\">\n<a href=\"https:\/\/piraten-sachsen.de\/landtagswahl-2024\/kandidatenliste\/kilian-koeltzsch\/\">\n\n\n\n<h3 class=\"wp-block-heading has-text-align-center candidate-cell-header has-white-color has-text-color has-link-color wp-elements-7cb32b3e20ddcdcccca117c88d3b284e\">7 &#8211; Kilian K\u00f6ltzsch<\/h3>\n\n\n<div class=\"wp-block-image\">\n<figure class=\"aligncenter size-large\"><img loading=\"lazy\" decoding=\"async\" width=\"768\" height=\"1024\" src=\"https:\/\/piraten-sachsen.de\/wp-content\/uploads\/2024\/07\/Kilian_Koeltzsch_Piratenpartei-768x1024.jpg\" alt=\"Kandidat Kilian K\u00f6ltzsch, der mit einem Fahrradhelm unter dem Arm vor einer Stra\u00dfe steht, im Hintergund ein Plattenbau.\" class=\"wp-image-20068816\" style=\"aspect-ratio:1;object-fit:cover\" srcset=\"https:\/\/piraten-sachsen.de\/wp-content\/uploads\/2024\/07\/Kilian_Koeltzsch_Piratenpartei-768x1024.jpg 768w, https:\/\/piraten-sachsen.de\/wp-content\/uploads\/2024\/07\/Kilian_Koeltzsch_Piratenpartei-225x300.jpg 225w, https:\/\/piraten-sachsen.de\/wp-content\/uploads\/2024\/07\/Kilian_Koeltzsch_Piratenpartei-1152x1536.jpg 1152w, https:\/\/piraten-sachsen.de\/wp-content\/uploads\/2024\/07\/Kilian_Koeltzsch_Piratenpartei-1536x2048.jpg 1536w, https:\/\/piraten-sachsen.de\/wp-content\/uploads\/2024\/07\/Kilian_Koeltzsch_Piratenpartei-scaled.jpg 1920w\" sizes=\"auto, (max-width: 768px) 100vw, 768px\" \/><\/figure>\n<\/div>\n\n\n<\/a>\n<\/div>\n\n\n\n<div class=\"wp-block-column candidate-cell has-white-color has-text-color has-background has-link-color wp-elements-5d5c4dbd36a89e7c8c214ba59322d3ae is-layout-flow wp-block-column-is-layout-flow\" style=\"background:linear-gradient(180deg,rgb(74,0,74) 0%,rgb(193,58,241) 22%)\">\n<a href=\"https:\/\/piraten-sachsen.de\/landtagswahl-2024\/kandidatenliste\/daniel-quitt\/\">\n\n\n\n<h3 class=\"wp-block-heading has-text-align-center candidate-cell-header has-white-color has-text-color has-link-color wp-elements-3c2ebbc4a8073aa6bafdf32de4a044a1\">8 &#8211; Daniel Quitt<\/h3>\n\n\n<div class=\"wp-block-image\">\n<figure class=\"aligncenter size-large\"><img loading=\"lazy\" decoding=\"async\" width=\"682\" height=\"1024\" src=\"https:\/\/piraten-sachsen.de\/wp-content\/uploads\/2024\/07\/dlq-682x1024.jpg\" alt=\"Kandidat Daniel Quitt, der auf einem Fahrrad in einem Park sitzt, im Hintergrund ein Plattenbau.\" class=\"wp-image-20068810\" style=\"aspect-ratio:1;object-fit:cover\" srcset=\"https:\/\/piraten-sachsen.de\/wp-content\/uploads\/2024\/07\/dlq-682x1024.jpg 682w, https:\/\/piraten-sachsen.de\/wp-content\/uploads\/2024\/07\/dlq-200x300.jpg 200w, https:\/\/piraten-sachsen.de\/wp-content\/uploads\/2024\/07\/dlq-768x1152.jpg 768w, https:\/\/piraten-sachsen.de\/wp-content\/uploads\/2024\/07\/dlq-1024x1536.jpg 1024w, https:\/\/piraten-sachsen.de\/wp-content\/uploads\/2024\/07\/dlq.jpg 1333w\" sizes=\"auto, (max-width: 682px) 100vw, 682px\" \/><\/figure>\n<\/div>\n\n\n<\/a>\n<\/div>\n\n\n\n<div class=\"wp-block-column candidate-cell has-white-color has-text-color has-background has-link-color wp-elements-3f696708ae5819536931530527f1c0ee is-layout-flow wp-block-column-is-layout-flow\" style=\"background:linear-gradient(180deg,rgb(74,0,74) 0%,rgb(193,58,241) 22%)\">\n<a href=\"https:\/\/piraten-sachsen.de\/landtagswahl-2024\/kandidatenliste\/steve-koenig\/\">\n\n\n\n<h3 class=\"wp-block-heading has-text-align-center candidate-cell-header has-white-color has-text-color has-link-color wp-elements-889677631334b65dd6e974621f5fb5af\">9 &#8211; Steve K\u00f6nig<\/h3>\n\n\n<div class=\"wp-block-image\">\n<figure class=\"aligncenter size-large\"><img loading=\"lazy\" decoding=\"async\" width=\"683\" height=\"1024\" src=\"https:\/\/piraten-sachsen.de\/wp-content\/uploads\/2024\/07\/Steve-Koenig-scaled-1-683x1024.jpg\" alt=\"Kandidat Steve K\u00f6nig, der an einer Stra\u00dfenkreuzung steht, im Hintergrund ein Fahrrad, eine Stra\u00dfenbahn und ein Altbau.\" class=\"wp-image-20068807\" style=\"aspect-ratio:1;object-fit:cover\" srcset=\"https:\/\/piraten-sachsen.de\/wp-content\/uploads\/2024\/07\/Steve-Koenig-scaled-1-683x1024.jpg 683w, https:\/\/piraten-sachsen.de\/wp-content\/uploads\/2024\/07\/Steve-Koenig-scaled-1-200x300.jpg 200w, https:\/\/piraten-sachsen.de\/wp-content\/uploads\/2024\/07\/Steve-Koenig-scaled-1-768x1152.jpg 768w, https:\/\/piraten-sachsen.de\/wp-content\/uploads\/2024\/07\/Steve-Koenig-scaled-1-1024x1536.jpg 1024w, https:\/\/piraten-sachsen.de\/wp-content\/uploads\/2024\/07\/Steve-Koenig-scaled-1-1366x2048.jpg 1366w, https:\/\/piraten-sachsen.de\/wp-content\/uploads\/2024\/07\/Steve-Koenig-scaled-1.jpg 1707w\" sizes=\"auto, (max-width: 683px) 100vw, 683px\" \/><\/figure>\n<\/div>\n\n\n<\/a>\n<\/div>\n<\/div>\n","protected":false},"excerpt":{"rendered":"<p>Im November 2023 haben wir neun Kandidierende auf unsere Liste zur Landtagswahl gew\u00e4hlt. Hier kannst du eine Person ausw\u00e4hlen, um mehr \u00fcber sie&hellip;<\/p>\n","protected":false},"author":25,"featured_media":0,"parent":20067750,"menu_order":1,"comment_status":"closed","ping_status":"closed","template":"","meta":{"footnotes":""},"categories":[4,9],"tags":[],"class_list":["post-20067768","page","type-page","status-publish","hentry","category-landesverband","category-wahlen"],"yoast_head":"<!-- This site is optimized with the Yoast SEO plugin v27.4 - https:\/\/yoast.com\/product\/yoast-seo-wordpress\/ -->\n<title>Kandidierendenliste - Piraten Sachsen<\/title>\n<meta name=\"robots\" content=\"index, follow, max-snippet:-1, max-image-preview:large, max-video-preview:-1\" \/>\n<link rel=\"canonical\" href=\"https:\/\/piraten-sachsen.de\/landtagswahl-2024\/kandidatenliste\/\" \/>\n<meta property=\"og:locale\" content=\"de_DE\" \/>\n<meta property=\"og:type\" content=\"article\" \/>\n<meta property=\"og:title\" content=\"Kandidierendenliste - Piraten Sachsen\" \/>\n<meta property=\"og:description\" content=\"Im November 2023 haben wir neun Kandidierende auf unsere Liste zur Landtagswahl gew\u00e4hlt. Hier kannst du eine Person ausw\u00e4hlen, um mehr \u00fcber sie&hellip;\" \/>\n<meta property=\"og:url\" content=\"https:\/\/piraten-sachsen.de\/landtagswahl-2024\/kandidatenliste\/\" \/>\n<meta property=\"og:site_name\" content=\"Piraten Sachsen\" \/>\n<meta property=\"article:modified_time\" content=\"2024-07-24T19:03:26+00:00\" \/>\n<meta property=\"og:image\" content=\"https:\/\/piraten-sachsen.de\/wp-content\/uploads\/2024\/07\/stephanie-684x1024.jpg\" \/>\n<meta name=\"twitter:card\" content=\"summary_large_image\" \/>\n<meta name=\"twitter:label1\" content=\"Gesch\u00e4tzte Lesezeit\" \/>\n\t<meta name=\"twitter:data1\" content=\"3\u00a0Minuten\" \/>\n<script type=\"application\/ld+json\" class=\"yoast-schema-graph\">{\"@context\":\"https:\\\/\\\/schema.org\",\"@graph\":[{\"@type\":\"WebPage\",\"@id\":\"https:\\\/\\\/piraten-sachsen.de\\\/landtagswahl-2024\\\/kandidatenliste\\\/\",\"url\":\"https:\\\/\\\/piraten-sachsen.de\\\/landtagswahl-2024\\\/kandidatenliste\\\/\",\"name\":\"Kandidierendenliste - Piraten Sachsen\",\"isPartOf\":{\"@id\":\"https:\\\/\\\/piraten-sachsen.de\\\/#website\"},\"primaryImageOfPage\":{\"@id\":\"https:\\\/\\\/piraten-sachsen.de\\\/landtagswahl-2024\\\/kandidatenliste\\\/#primaryimage\"},\"image\":{\"@id\":\"https:\\\/\\\/piraten-sachsen.de\\\/landtagswahl-2024\\\/kandidatenliste\\\/#primaryimage\"},\"thumbnailUrl\":\"https:\\\/\\\/piraten-sachsen.de\\\/wp-content\\\/uploads\\\/2024\\\/07\\\/stephanie-684x1024.jpg\",\"datePublished\":\"2019-06-12T14:06:40+00:00\",\"dateModified\":\"2024-07-24T19:03:26+00:00\",\"breadcrumb\":{\"@id\":\"https:\\\/\\\/piraten-sachsen.de\\\/landtagswahl-2024\\\/kandidatenliste\\\/#breadcrumb\"},\"inLanguage\":\"de\",\"potentialAction\":[{\"@type\":\"ReadAction\",\"target\":[\"https:\\\/\\\/piraten-sachsen.de\\\/landtagswahl-2024\\\/kandidatenliste\\\/\"]}]},{\"@type\":\"ImageObject\",\"inLanguage\":\"de\",\"@id\":\"https:\\\/\\\/piraten-sachsen.de\\\/landtagswahl-2024\\\/kandidatenliste\\\/#primaryimage\",\"url\":\"https:\\\/\\\/piraten-sachsen.de\\\/wp-content\\\/uploads\\\/2024\\\/07\\\/stephanie.jpg\",\"contentUrl\":\"https:\\\/\\\/piraten-sachsen.de\\\/wp-content\\\/uploads\\\/2024\\\/07\\\/stephanie.jpg\",\"width\":1335,\"height\":2000,\"caption\":\"Kandidatin Stephanie Henkel, die mit einem Laptop unter einer Br\u00fccke im freien sitzt.\"},{\"@type\":\"BreadcrumbList\",\"@id\":\"https:\\\/\\\/piraten-sachsen.de\\\/landtagswahl-2024\\\/kandidatenliste\\\/#breadcrumb\",\"itemListElement\":[{\"@type\":\"ListItem\",\"position\":1,\"name\":\"Startseite\",\"item\":\"https:\\\/\\\/piraten-sachsen.de\\\/\"},{\"@type\":\"ListItem\",\"position\":2,\"name\":\"Landtagswahl 2024\",\"item\":\"https:\\\/\\\/piraten-sachsen.de\\\/landtagswahl-2024\\\/\"},{\"@type\":\"ListItem\",\"position\":3,\"name\":\"Kandidierendenliste\"}]},{\"@type\":\"WebSite\",\"@id\":\"https:\\\/\\\/piraten-sachsen.de\\\/#website\",\"url\":\"https:\\\/\\\/piraten-sachsen.de\\\/\",\"name\":\"Piraten Sachsen\",\"description\":\"Die Piratenpartei in Sachsen - deine soziale Alternative\",\"publisher\":{\"@id\":\"https:\\\/\\\/piraten-sachsen.de\\\/#organization\"},\"potentialAction\":[{\"@type\":\"SearchAction\",\"target\":{\"@type\":\"EntryPoint\",\"urlTemplate\":\"https:\\\/\\\/piraten-sachsen.de\\\/?s={search_term_string}\"},\"query-input\":{\"@type\":\"PropertyValueSpecification\",\"valueRequired\":true,\"valueName\":\"search_term_string\"}}],\"inLanguage\":\"de\"},{\"@type\":\"Organization\",\"@id\":\"https:\\\/\\\/piraten-sachsen.de\\\/#organization\",\"name\":\"Piraten Sachsen\",\"alternateName\":\"Piratenpartei Sachsen\",\"url\":\"https:\\\/\\\/piraten-sachsen.de\\\/\",\"logo\":{\"@type\":\"ImageObject\",\"inLanguage\":\"de\",\"@id\":\"https:\\\/\\\/piraten-sachsen.de\\\/#\\\/schema\\\/logo\\\/image\\\/\",\"url\":\"https:\\\/\\\/piraten-sachsen.de\\\/wp-content\\\/uploads\\\/2019\\\/03\\\/PiratenSN_Logo.png\",\"contentUrl\":\"https:\\\/\\\/piraten-sachsen.de\\\/wp-content\\\/uploads\\\/2019\\\/03\\\/PiratenSN_Logo.png\",\"width\":132,\"height\":130,\"caption\":\"Piraten Sachsen\"},\"image\":{\"@id\":\"https:\\\/\\\/piraten-sachsen.de\\\/#\\\/schema\\\/logo\\\/image\\\/\"},\"sameAs\":[\"https:\\\/\\\/dresden.network\\\/@piratensachsen\",\"https:\\\/\\\/www.instagram.com\\\/piraten.sachsen\\\/\",\"https:\\\/\\\/www.youtube.com\\\/@piratensachsen\",\"https:\\\/\\\/video.dresden.network\\\/a\\\/piratensachsen\\\/\"]}]}<\/script>\n<!-- \/ Yoast SEO plugin. -->","yoast_head_json":{"title":"Kandidierendenliste - Piraten Sachsen","robots":{"index":"index","follow":"follow","max-snippet":"max-snippet:-1","max-image-preview":"max-image-preview:large","max-video-preview":"max-video-preview:-1"},"canonical":"https:\/\/piraten-sachsen.de\/landtagswahl-2024\/kandidatenliste\/","og_locale":"de_DE","og_type":"article","og_title":"Kandidierendenliste - Piraten Sachsen","og_description":"Im November 2023 haben wir neun Kandidierende auf unsere Liste zur Landtagswahl gew\u00e4hlt. Hier kannst du eine Person ausw\u00e4hlen, um mehr \u00fcber sie&hellip;","og_url":"https:\/\/piraten-sachsen.de\/landtagswahl-2024\/kandidatenliste\/","og_site_name":"Piraten Sachsen","article_modified_time":"2024-07-24T19:03:26+00:00","og_image":[{"url":"https:\/\/piraten-sachsen.de\/wp-content\/uploads\/2024\/07\/stephanie-684x1024.jpg","type":"","width":"","height":""}],"twitter_card":"summary_large_image","twitter_misc":{"Gesch\u00e4tzte Lesezeit":"3\u00a0Minuten"},"schema":{"@context":"https:\/\/schema.org","@graph":[{"@type":"WebPage","@id":"https:\/\/piraten-sachsen.de\/landtagswahl-2024\/kandidatenliste\/","url":"https:\/\/piraten-sachsen.de\/landtagswahl-2024\/kandidatenliste\/","name":"Kandidierendenliste - Piraten Sachsen","isPartOf":{"@id":"https:\/\/piraten-sachsen.de\/#website"},"primaryImageOfPage":{"@id":"https:\/\/piraten-sachsen.de\/landtagswahl-2024\/kandidatenliste\/#primaryimage"},"image":{"@id":"https:\/\/piraten-sachsen.de\/landtagswahl-2024\/kandidatenliste\/#primaryimage"},"thumbnailUrl":"https:\/\/piraten-sachsen.de\/wp-content\/uploads\/2024\/07\/stephanie-684x1024.jpg","datePublished":"2019-06-12T14:06:40+00:00","dateModified":"2024-07-24T19:03:26+00:00","breadcrumb":{"@id":"https:\/\/piraten-sachsen.de\/landtagswahl-2024\/kandidatenliste\/#breadcrumb"},"inLanguage":"de","potentialAction":[{"@type":"ReadAction","target":["https:\/\/piraten-sachsen.de\/landtagswahl-2024\/kandidatenliste\/"]}]},{"@type":"ImageObject","inLanguage":"de","@id":"https:\/\/piraten-sachsen.de\/landtagswahl-2024\/kandidatenliste\/#primaryimage","url":"https:\/\/piraten-sachsen.de\/wp-content\/uploads\/2024\/07\/stephanie.jpg","contentUrl":"https:\/\/piraten-sachsen.de\/wp-content\/uploads\/2024\/07\/stephanie.jpg","width":1335,"height":2000,"caption":"Kandidatin Stephanie Henkel, die mit einem Laptop unter einer Br\u00fccke im freien sitzt."},{"@type":"BreadcrumbList","@id":"https:\/\/piraten-sachsen.de\/landtagswahl-2024\/kandidatenliste\/#breadcrumb","itemListElement":[{"@type":"ListItem","position":1,"name":"Startseite","item":"https:\/\/piraten-sachsen.de\/"},{"@type":"ListItem","position":2,"name":"Landtagswahl 2024","item":"https:\/\/piraten-sachsen.de\/landtagswahl-2024\/"},{"@type":"ListItem","position":3,"name":"Kandidierendenliste"}]},{"@type":"WebSite","@id":"https:\/\/piraten-sachsen.de\/#website","url":"https:\/\/piraten-sachsen.de\/","name":"Piraten Sachsen","description":"Die Piratenpartei in Sachsen - deine soziale Alternative","publisher":{"@id":"https:\/\/piraten-sachsen.de\/#organization"},"potentialAction":[{"@type":"SearchAction","target":{"@type":"EntryPoint","urlTemplate":"https:\/\/piraten-sachsen.de\/?s={search_term_string}"},"query-input":{"@type":"PropertyValueSpecification","valueRequired":true,"valueName":"search_term_string"}}],"inLanguage":"de"},{"@type":"Organization","@id":"https:\/\/piraten-sachsen.de\/#organization","name":"Piraten Sachsen","alternateName":"Piratenpartei Sachsen","url":"https:\/\/piraten-sachsen.de\/","logo":{"@type":"ImageObject","inLanguage":"de","@id":"https:\/\/piraten-sachsen.de\/#\/schema\/logo\/image\/","url":"https:\/\/piraten-sachsen.de\/wp-content\/uploads\/2019\/03\/PiratenSN_Logo.png","contentUrl":"https:\/\/piraten-sachsen.de\/wp-content\/uploads\/2019\/03\/PiratenSN_Logo.png","width":132,"height":130,"caption":"Piraten Sachsen"},"image":{"@id":"https:\/\/piraten-sachsen.de\/#\/schema\/logo\/image\/"},"sameAs":["https:\/\/dresden.network\/@piratensachsen","https:\/\/www.instagram.com\/piraten.sachsen\/","https:\/\/www.youtube.com\/@piratensachsen","https:\/\/video.dresden.network\/a\/piratensachsen\/"]}]}},"_links":{"self":[{"href":"https:\/\/piraten-sachsen.de\/wp-json\/wp\/v2\/pages\/20067768","targetHints":{"allow":["GET"]}}],"collection":[{"href":"https:\/\/piraten-sachsen.de\/wp-json\/wp\/v2\/pages"}],"about":[{"href":"https:\/\/piraten-sachsen.de\/wp-json\/wp\/v2\/types\/page"}],"author":[{"embeddable":true,"href":"https:\/\/piraten-sachsen.de\/wp-json\/wp\/v2\/users\/25"}],"replies":[{"embeddable":true,"href":"https:\/\/piraten-sachsen.de\/wp-json\/wp\/v2\/comments?post=20067768"}],"version-history":[{"count":2,"href":"https:\/\/piraten-sachsen.de\/wp-json\/wp\/v2\/pages\/20067768\/revisions"}],"predecessor-version":[{"id":20069035,"href":"https:\/\/piraten-sachsen.de\/wp-json\/wp\/v2\/pages\/20067768\/revisions\/20069035"}],"up":[{"embeddable":true,"href":"https:\/\/piraten-sachsen.de\/wp-json\/wp\/v2\/pages\/20067750"}],"wp:attachment":[{"href":"https:\/\/piraten-sachsen.de\/wp-json\/wp\/v2\/media?parent=20067768"}],"wp:term":[{"taxonomy":"category","embeddable":true,"href":"https:\/\/piraten-sachsen.de\/wp-json\/wp\/v2\/categories?post=20067768"},{"taxonomy":"post_tag","embeddable":true,"href":"https:\/\/piraten-sachsen.de\/wp-json\/wp\/v2\/tags?post=20067768"}],"curies":[{"name":"wp","href":"https:\/\/api.w.org\/{rel}","templated":true}]}}